{"id":451,"date":"2023-09-14T15:11:41","date_gmt":"2023-09-14T19:11:41","guid":{"rendered":"https:\/\/thecarletontavern.com\/the-carleton-tavern-accueil\/"},"modified":"2026-03-16T09:48:24","modified_gmt":"2026-03-16T13:48:24","slug":"the-carleton-tavern-accueil","status":"publish","type":"page","link":"https:\/\/thecarletontavern.com\/fr\/","title":{"rendered":"The Carleton Tavern Accueil"},"content":{"rendered":"<p><div class=\"fusion-fullwidth fullwidth-box fusion-builder-row-1 fusion-flex-container has-pattern-background has-mask-background nonhundred-percent-fullwidth non-hundred-percent-height-scrolling\" style=\"--awb-border-radius-top-left:0px;--awb-border-radius-top-right:0px;--awb-border-radius-bottom-right:0px;--awb-border-radius-bottom-left:0px;--awb-min-height:500px;--awb-background-color:#532035;--awb-flex-wrap:wrap;\" ><div class=\"fusion-builder-row fusion-row fusion-flex-align-items-flex-start fusion-flex-content-wrap\" style=\"max-width:936px;margin-left: calc(-4% \/ 2 );margin-right: calc(-4% \/ 2 );\"><div class=\"fusion-layout-column fusion_builder_column fusion-builder-column-0 fusion_builder_column_1_1 1_1 fusion-flex-column\" style=\"--awb-bg-size:cover;--awb-width-large:100%;--awb-margin-top-large:130px;--awb-spacing-right-large:1.92%;--awb-margin-bottom-large:130px;--awb-spacing-left-large:1.92%;--awb-width-medium:100%;--awb-order-medium:0;--awb-spacing-right-medium:1.92%;--awb-spacing-left-medium:1.92%;--awb-width-small:100%;--awb-order-small:0;--awb-spacing-right-small:1.92%;--awb-spacing-left-small:1.92%;\" data-scroll-devices=\"small-visibility,medium-visibility,large-visibility\"><div class=\"fusion-column-wrapper fusion-column-has-shadow fusion-flex-justify-content-flex-start fusion-content-layout-column\"><div class=\"fusion-image-element \" style=\"text-align:center;--awb-margin-bottom:50px;--awb-caption-title-font-family:var(--h2_typography-font-family);--awb-caption-title-font-weight:var(--h2_typography-font-weight);--awb-caption-title-font-style:var(--h2_typography-font-style);--awb-caption-title-size:var(--h2_typography-font-size);--awb-caption-title-transform:var(--h2_typography-text-transform);--awb-caption-title-line-height:var(--h2_typography-line-height);--awb-caption-title-letter-spacing:var(--h2_typography-letter-spacing);\"><span class=\" fusion-imageframe imageframe-none imageframe-1 hover-type-none\"><img decoding=\"async\" width=\"581\" height=\"380\" alt=\"Photo ext\u00e9rieure de l\u2019entr\u00e9e de The Carleton Tavern sous la lumi\u00e8re du jour.\" src=\"https:\/\/thecarletontavern.com\/wp-content\/uploads\/2023\/09\/TCTexterior_Nov1_4Website.jpg\" data-orig-src=\"https:\/\/thecarletontavern.com\/wp-content\/uploads\/2023\/09\/TCTexterior_Nov1_4Website.jpg\" class=\"lazyload img-responsive wp-image-305\" srcset=\"data:image\/svg+xml,%3Csvg%20xmlns%3D%27http%3A%2F%2Fwww.w3.org%2F2000%2Fsvg%27%20width%3D%27581%27%20height%3D%27380%27%20viewBox%3D%270%200%20581%20380%27%3E%3Crect%20width%3D%27581%27%20height%3D%27380%27%20fill-opacity%3D%220%22%2F%3E%3C%2Fsvg%3E\" data-srcset=\"https:\/\/thecarletontavern.com\/wp-content\/uploads\/2023\/09\/TCTexterior_Nov1_4Website-200x131.jpg 200w, https:\/\/thecarletontavern.com\/wp-content\/uploads\/2023\/09\/TCTexterior_Nov1_4Website-400x262.jpg 400w, https:\/\/thecarletontavern.com\/wp-content\/uploads\/2023\/09\/TCTexterior_Nov1_4Website.jpg 581w\" data-sizes=\"auto\" data-orig-sizes=\"(max-width: 640px) 100vw, 581px\" \/><\/span><\/div><div class=\"fusion-title title fusion-title-1 fusion-sep-none fusion-title-center fusion-title-text fusion-title-size-one\" style=\"--awb-margin-bottom:0px;--awb-margin-top-small:0px;--awb-margin-right-small:0px;--awb-margin-bottom-small:5px;--awb-margin-left-small:0px;\"><h1 class=\"fusion-title-heading title-heading-center fusion-responsive-typography-calculated\" style=\"margin:0;--fontSize:35;line-height:1.29;\">THE CARLETON TAVERN<\/h1><\/div><div class=\"fusion-title title fusion-title-2 fusion-sep-none fusion-title-center fusion-title-text fusion-title-size-div\" style=\"--awb-text-color:var(--awb-color1);--awb-margin-top-small:0px;--awb-margin-right-small:0px;--awb-margin-bottom-small:5px;--awb-margin-left-small:0px;--awb-font-size:28px;\"><div class=\"fusion-title-heading title-heading-center title-heading-tag fusion-responsive-typography-calculated\" style=\"font-family:&quot;Teko&quot;;font-style:normal;font-weight:400;margin:0;letter-spacing:1px;text-transform:none;font-size:1em;--fontSize:28;line-height:1.21;\">Le lieu de rencontre du quartier qui accueille toute la ville.<\/div><\/div><div class=\"fusion-text fusion-text-1\" style=\"--awb-content-alignment:center;--awb-text-color:var(--awb-color1);--awb-margin-top:20px;\"><p>The Carleton Tavern est un lieu de rencontre populaire de la classe ouvri\u00e8re depuis pr\u00e8s de 90 ans. Le b\u00e2timent lui-m\u00eame remonte \u00e0 l\u2019\u00e9poque des pionniers, en 1896, lorsque le b\u00fbcheron James William Burnett y \u00e9tablit un magasin g\u00e9n\u00e9ral. Dans les ann\u00e9es qui suivirent, il servit de boucherie, de march\u00e9 aux fruits et m\u00eame de confiserie.<\/p>\n<p>Il devint plus tard l\u2019h\u00f4tel Carleton, qui fut vendu par la famille Moran en 1941 lorsqu\u2019elle d\u00e9cida qu\u2019il n\u2019y avait pas d\u2019avenir dans la vente d\u2019alcool ! L\u2019un des nouveaux partenaires \u00e9tait Harold Starr, qui avait jou\u00e9 pour les Rough Riders d\u2019Ottawa et les premiers S\u00e9nateurs d\u2019Ottawa. L\u2019h\u00f4tel devient rapidement un lieu de rendez-vous populaire pour les sportifs et, en 1951, il est rebaptis\u00e9 The Carleton Tavern.<\/p>\n<p>Beaucoup d\u2019histoire s\u2019est d\u00e9roul\u00e9e entre ces quatre murs, mais une chose n\u2019a pas chang\u00e9. The Carleton Tavern est toujours le lieu de rencontre du quartier qui accueille toute la ville.<\/p>\n<\/div><\/div><\/div><\/div><\/div><div class=\"fusion-fullwidth fullwidth-box fusion-builder-row-2 fusion-flex-container has-pattern-background has-mask-background nonhundred-percent-fullwidth non-hundred-percent-height-scrolling\" style=\"--awb-border-radius-top-left:0px;--awb-border-radius-top-right:0px;--awb-border-radius-bottom-right:0px;--awb-border-radius-bottom-left:0px;--awb-padding-top:130px;--awb-padding-bottom:130px;--awb-flex-wrap:wrap;\" id=\"menu\" ><div class=\"fusion-builder-row fusion-row fusion-flex-align-items-flex-start fusion-flex-content-wrap\" style=\"max-width:936px;margin-left: calc(-4% \/ 2 );margin-right: calc(-4% \/ 2 );\"><div class=\"fusion-layout-column fusion_builder_column fusion-builder-column-1 fusion_builder_column_1_1 1_1 fusion-flex-column\" style=\"--awb-bg-size:cover;--awb-width-large:100%;--awb-margin-top-large:0px;--awb-spacing-right-large:1.92%;--awb-margin-bottom-large:0px;--awb-spacing-left-large:1.92%;--awb-width-medium:100%;--awb-order-medium:0;--awb-spacing-right-medium:1.92%;--awb-spacing-left-medium:1.92%;--awb-width-small:100%;--awb-order-small:0;--awb-spacing-right-small:1.92%;--awb-spacing-left-small:1.92%;\"><div class=\"fusion-column-wrapper fusion-column-has-shadow fusion-flex-justify-content-flex-start fusion-content-layout-column\"><div class=\"fusion-title title fusion-title-3 fusion-sep-none fusion-title-center fusion-title-text fusion-title-size-one\" style=\"--awb-text-color:var(--awb-color2);--awb-margin-top-small:0px;--awb-margin-right-small:0px;--awb-margin-bottom-small:5px;--awb-margin-left-small:0px;\"><h1 class=\"fusion-title-heading title-heading-center fusion-responsive-typography-calculated\" style=\"margin:0;--fontSize:35;line-height:1.29;\">MENU<\/h1><\/div><\/div><\/div><div class=\"fusion-layout-column fusion_builder_column fusion-builder-column-2 fusion_builder_column_1_1 1_1 fusion-flex-column\" style=\"--awb-bg-size:cover;--awb-width-large:100%;--awb-margin-top-large:0px;--awb-spacing-right-large:1.92%;--awb-margin-bottom-large:0px;--awb-spacing-left-large:1.92%;--awb-width-medium:100%;--awb-order-medium:0;--awb-spacing-right-medium:1.92%;--awb-spacing-left-medium:1.92%;--awb-width-small:100%;--awb-order-small:0;--awb-spacing-right-small:1.92%;--awb-spacing-left-small:1.92%;\"><div class=\"fusion-column-wrapper fusion-column-has-shadow fusion-flex-justify-content-flex-start fusion-content-layout-column\"><a href=\"https:\/\/thecarletontavern.com\/wp-content\/uploads\/2026\/03\/FR_p1.pdf\" class=\"pdfemb-viewer\" style=\"\" data-width=\"max\" data-height=\"max\" data-toolbar=\"bottom\" data-toolbar-fixed=\"off\">FR_p1<\/a><\/div><\/div><div class=\"fusion-layout-column fusion_builder_column fusion-builder-column-3 fusion_builder_column_1_1 1_1 fusion-flex-column\" style=\"--awb-bg-size:cover;--awb-width-large:100%;--awb-margin-top-large:0px;--awb-spacing-right-large:1.92%;--awb-margin-bottom-large:0px;--awb-spacing-left-large:1.92%;--awb-width-medium:100%;--awb-order-medium:0;--awb-spacing-right-medium:1.92%;--awb-spacing-left-medium:1.92%;--awb-width-small:100%;--awb-order-small:0;--awb-spacing-right-small:1.92%;--awb-spacing-left-small:1.92%;\"><div class=\"fusion-column-wrapper fusion-column-has-shadow fusion-flex-justify-content-flex-start fusion-content-layout-column\"><a href=\"https:\/\/thecarletontavern.com\/wp-content\/uploads\/2026\/03\/FR_pg2.pdf\" class=\"pdfemb-viewer\" style=\"\" data-width=\"max\" data-height=\"max\" data-toolbar=\"bottom\" data-toolbar-fixed=\"off\">FR_pg2<\/a><\/div><\/div><div class=\"fusion-layout-column fusion_builder_column fusion-builder-column-4 fusion_builder_column_1_1 1_1 fusion-flex-column\" style=\"--awb-bg-size:cover;--awb-width-large:100%;--awb-margin-top-large:0px;--awb-spacing-right-large:1.92%;--awb-margin-bottom-large:0px;--awb-spacing-left-large:1.92%;--awb-width-medium:100%;--awb-order-medium:0;--awb-spacing-right-medium:1.92%;--awb-spacing-left-medium:1.92%;--awb-width-small:100%;--awb-order-small:0;--awb-spacing-right-small:1.92%;--awb-spacing-left-small:1.92%;\"><div class=\"fusion-column-wrapper fusion-column-has-shadow fusion-flex-justify-content-flex-start fusion-content-layout-column\"><a href=\"https:\/\/thecarletontavern.com\/wp-content\/uploads\/2026\/03\/FR_pg3.pdf\" class=\"pdfemb-viewer\" style=\"\" data-width=\"max\" data-height=\"max\" data-toolbar=\"bottom\" data-toolbar-fixed=\"off\">FR_pg3<\/a><\/div><\/div><\/div><\/div><div class=\"fusion-fullwidth fullwidth-box fusion-builder-row-3 fusion-flex-container has-pattern-background has-mask-background hundred-percent-fullwidth non-hundred-percent-height-scrolling fusion-no-small-visibility\" style=\"--awb-border-radius-top-left:0px;--awb-border-radius-top-right:0px;--awb-border-radius-bottom-right:0px;--awb-border-radius-bottom-left:0px;--awb-padding-right:0px;--awb-padding-left:0px;--awb-margin-bottom:70px;--awb-flex-wrap:wrap;\" ><div class=\"fusion-builder-row fusion-row fusion-flex-align-items-flex-start fusion-flex-content-wrap\" style=\"width:104% !important;max-width:104% !important;margin-left: calc(-4% \/ 2 );margin-right: calc(-4% \/ 2 );\"><div class=\"fusion-layout-column fusion_builder_column fusion-builder-column-5 fusion_builder_column_1_1 1_1 fusion-flex-column\" style=\"--awb-bg-size:cover;--awb-width-large:100%;--awb-margin-top-large:0px;--awb-spacing-right-large:0px;--awb-margin-bottom-large:0px;--awb-spacing-left-large:0px;--awb-width-medium:100%;--awb-order-medium:0;--awb-spacing-right-medium:0px;--awb-spacing-left-medium:0px;--awb-width-small:100%;--awb-order-small:0;--awb-spacing-right-small:1.92%;--awb-spacing-left-small:1.92%;\" data-scroll-devices=\"small-visibility,medium-visibility,large-visibility\"><div class=\"fusion-column-wrapper lazyload fusion-column-has-shadow fusion-flex-justify-content-flex-start fusion-content-layout-column fusion-empty-column-bg-image fusion-column-has-bg-image\" data-bg-url=\"https:\/\/thecarletontavern.com\/wp-content\/uploads\/2023\/11\/Food_Drink_Combo415px.jpg\" data-bg=\"https:\/\/thecarletontavern.com\/wp-content\/uploads\/2023\/11\/Food_Drink_Combo415px.jpg\"><img decoding=\"async\" class=\"fusion-empty-dims-img-placeholder\" alt=\"Montage photo d\u2019une assiette contenant un sandwich BLT avec une bi\u00e8re en f\u00fbt, de diff\u00e9rentes bouteilles de bi\u00e8re align\u00e9es sur le bar, et d\u2019une assiette de fish and chips.\" src=\"data:image\/svg+xml,%3Csvg%20xmlns%3D%27http%3A%2F%2Fwww.w3.org%2F2000%2Fsvg%27%20width%3D%271600%27%20height%3D%27415%27%20viewBox%3D%270%200%201600%20415%27%3E%3Crect%20width%3D%271600%27%20height%3D%27415%27%20fill-opacity%3D%220%22%2F%3E%3C%2Fsvg%3E\"><\/div><\/div><\/div><\/div><div class=\"fusion-fullwidth fullwidth-box fusion-builder-row-4 fusion-flex-container has-pattern-background has-mask-background hundred-percent-fullwidth non-hundred-percent-height-scrolling fusion-no-medium-visibility fusion-no-large-visibility\" style=\"--awb-border-radius-top-left:0px;--awb-border-radius-top-right:0px;--awb-border-radius-bottom-right:0px;--awb-border-radius-bottom-left:0px;--awb-padding-right:0px;--awb-padding-left:0px;--awb-margin-bottom:70px;--awb-flex-wrap:wrap;\" ><div class=\"fusion-builder-row fusion-row fusion-flex-align-items-flex-start fusion-flex-content-wrap\" style=\"width:104% !important;max-width:104% !important;margin-left: calc(-4% \/ 2 );margin-right: calc(-4% \/ 2 );\"><div class=\"fusion-layout-column fusion_builder_column fusion-builder-column-6 fusion_builder_column_1_1 1_1 fusion-flex-column\" style=\"--awb-bg-size:cover;--awb-width-large:100%;--awb-margin-top-large:0px;--awb-spacing-right-large:0px;--awb-margin-bottom-large:0px;--awb-spacing-left-large:0px;--awb-width-medium:100%;--awb-order-medium:0;--awb-spacing-right-medium:0px;--awb-spacing-left-medium:0px;--awb-width-small:100%;--awb-order-small:0;--awb-spacing-right-small:1.92%;--awb-spacing-left-small:1.92%;\" data-scroll-devices=\"small-visibility,medium-visibility,large-visibility\"><div class=\"fusion-column-wrapper fusion-column-has-shadow fusion-flex-justify-content-flex-start fusion-content-layout-column\"><div class=\"fusion-image-carousel fusion-image-carousel-auto fusion-image-carousel-1 fusion-no-medium-visibility fusion-no-large-visibility lightbox-enabled\"><div class=\"awb-carousel awb-swiper awb-swiper-carousel awb-carousel--carousel awb-swiper-dots-position-bottom\" data-layout=\"carousel\" data-autoplay=\"yes\" data-autoplayspeed=\"2500\" data-autoplaypause=\"no\" data-columns=\"1\" data-columnsmedium=\"1\" data-columnssmall=\"1\" data-itemmargin=\"1\" data-itemwidth=\"180\" data-touchscroll=\"no\" data-freemode=\"no\" data-imagesize=\"auto\" data-scrollitems=\"0\" data-centeredslides=\"no\" data-rotationangle=\"50\" data-depth=\"100\" data-speed=\"500\" data-shadow=\"no\" data-pagination=\"bullets\" style=\"--awb-columns:1;--awb-column-spacing:1px;\"><div class=\"swiper-wrapper awb-image-carousel-wrapper fusion-flex-align-items-center\"><div class=\"swiper-slide\"><div class=\"fusion-carousel-item-wrapper\"><div class=\"fusion-image-wrapper hover-type-none\"><a data-rel=\"iLightbox[image_carousel_1]\" href=\"https:\/\/thecarletontavern.com\/wp-content\/uploads\/2023\/11\/MobileClub_525x450.jpg\" target=\"_self\"><img decoding=\"async\" width=\"525\" height=\"450\" src=\"https:\/\/thecarletontavern.com\/wp-content\/uploads\/2023\/11\/MobileClub_525x450.jpg\" class=\"attachment-full size-full lazyload\" alt=\"Une assiette avec un sandwich club, des frites et une bi\u00e8re en f\u00fbt.\" srcset=\"data:image\/svg+xml,%3Csvg%20xmlns%3D%27http%3A%2F%2Fwww.w3.org%2F2000%2Fsvg%27%20width%3D%27525%27%20height%3D%27450%27%20viewBox%3D%270%200%20525%20450%27%3E%3Crect%20width%3D%27525%27%20height%3D%27450%27%20fill-opacity%3D%220%22%2F%3E%3C%2Fsvg%3E\" data-orig-src=\"https:\/\/thecarletontavern.com\/wp-content\/uploads\/2023\/11\/MobileClub_525x450.jpg\" data-srcset=\"https:\/\/thecarletontavern.com\/wp-content\/uploads\/2023\/11\/MobileClub_525x450-200x171.jpg 200w, https:\/\/thecarletontavern.com\/wp-content\/uploads\/2023\/11\/MobileClub_525x450-300x257.jpg 300w, https:\/\/thecarletontavern.com\/wp-content\/uploads\/2023\/11\/MobileClub_525x450-400x343.jpg 400w, https:\/\/thecarletontavern.com\/wp-content\/uploads\/2023\/11\/MobileClub_525x450.jpg 525w\" data-sizes=\"auto\" \/><\/a><\/div><\/div><\/div><div class=\"swiper-slide\"><div class=\"fusion-carousel-item-wrapper\"><div class=\"fusion-image-wrapper hover-type-none\"><a data-rel=\"iLightbox[image_carousel_1]\" href=\"https:\/\/thecarletontavern.com\/wp-content\/uploads\/2023\/11\/BeerGroupingB_525x385.jpg\" target=\"_self\"><img decoding=\"async\" width=\"525\" height=\"450\" src=\"https:\/\/thecarletontavern.com\/wp-content\/uploads\/2023\/11\/BeerGroupingB_525x385.jpg\" class=\"attachment-full size-full lazyload\" alt=\"Des bouteilles de bi\u00e8re de diff\u00e9rentes marques sont align\u00e9es sur le bar.\" srcset=\"data:image\/svg+xml,%3Csvg%20xmlns%3D%27http%3A%2F%2Fwww.w3.org%2F2000%2Fsvg%27%20width%3D%27525%27%20height%3D%27450%27%20viewBox%3D%270%200%20525%20450%27%3E%3Crect%20width%3D%27525%27%20height%3D%27450%27%20fill-opacity%3D%220%22%2F%3E%3C%2Fsvg%3E\" data-orig-src=\"https:\/\/thecarletontavern.com\/wp-content\/uploads\/2023\/11\/BeerGroupingB_525x385.jpg\" data-srcset=\"https:\/\/thecarletontavern.com\/wp-content\/uploads\/2023\/11\/BeerGroupingB_525x385-200x171.jpg 200w, https:\/\/thecarletontavern.com\/wp-content\/uploads\/2023\/11\/BeerGroupingB_525x385-300x257.jpg 300w, https:\/\/thecarletontavern.com\/wp-content\/uploads\/2023\/11\/BeerGroupingB_525x385-400x343.jpg 400w, https:\/\/thecarletontavern.com\/wp-content\/uploads\/2023\/11\/BeerGroupingB_525x385.jpg 525w\" data-sizes=\"auto\" \/><\/a><\/div><\/div><\/div><div class=\"swiper-slide\"><div class=\"fusion-carousel-item-wrapper\"><div class=\"fusion-image-wrapper hover-type-none\"><a data-rel=\"iLightbox[image_carousel_1]\" href=\"https:\/\/thecarletontavern.com\/wp-content\/uploads\/2023\/11\/BeerGroupA_525x385.jpg\" target=\"_self\"><img decoding=\"async\" width=\"525\" height=\"450\" src=\"https:\/\/thecarletontavern.com\/wp-content\/uploads\/2023\/11\/BeerGroupA_525x385.jpg\" class=\"attachment-full size-full lazyload\" alt=\"Des bouteilles de bi\u00e8re de diff\u00e9rentes marques sont align\u00e9es sur le bar.\" srcset=\"data:image\/svg+xml,%3Csvg%20xmlns%3D%27http%3A%2F%2Fwww.w3.org%2F2000%2Fsvg%27%20width%3D%27525%27%20height%3D%27450%27%20viewBox%3D%270%200%20525%20450%27%3E%3Crect%20width%3D%27525%27%20height%3D%27450%27%20fill-opacity%3D%220%22%2F%3E%3C%2Fsvg%3E\" data-orig-src=\"https:\/\/thecarletontavern.com\/wp-content\/uploads\/2023\/11\/BeerGroupA_525x385.jpg\" data-srcset=\"https:\/\/thecarletontavern.com\/wp-content\/uploads\/2023\/11\/BeerGroupA_525x385-200x171.jpg 200w, https:\/\/thecarletontavern.com\/wp-content\/uploads\/2023\/11\/BeerGroupA_525x385-300x257.jpg 300w, https:\/\/thecarletontavern.com\/wp-content\/uploads\/2023\/11\/BeerGroupA_525x385-400x343.jpg 400w, https:\/\/thecarletontavern.com\/wp-content\/uploads\/2023\/11\/BeerGroupA_525x385.jpg 525w\" data-sizes=\"auto\" \/><\/a><\/div><\/div><\/div><div class=\"swiper-slide\"><div class=\"fusion-carousel-item-wrapper\"><div class=\"fusion-image-wrapper hover-type-none\"><a data-rel=\"iLightbox[image_carousel_1]\" href=\"https:\/\/thecarletontavern.com\/wp-content\/uploads\/2023\/11\/Fish_mobile525x450.jpg\" target=\"_self\"><img decoding=\"async\" width=\"525\" height=\"450\" src=\"https:\/\/thecarletontavern.com\/wp-content\/uploads\/2023\/11\/Fish_mobile525x450.jpg\" class=\"attachment-full size-full lazyload\" alt=\"Une assiette de fish and chips accompagn\u00e9e d\u2019une bi\u00e8re en f\u00fbt.\" srcset=\"data:image\/svg+xml,%3Csvg%20xmlns%3D%27http%3A%2F%2Fwww.w3.org%2F2000%2Fsvg%27%20width%3D%27525%27%20height%3D%27450%27%20viewBox%3D%270%200%20525%20450%27%3E%3Crect%20width%3D%27525%27%20height%3D%27450%27%20fill-opacity%3D%220%22%2F%3E%3C%2Fsvg%3E\" data-orig-src=\"https:\/\/thecarletontavern.com\/wp-content\/uploads\/2023\/11\/Fish_mobile525x450.jpg\" data-srcset=\"https:\/\/thecarletontavern.com\/wp-content\/uploads\/2023\/11\/Fish_mobile525x450-200x171.jpg 200w, https:\/\/thecarletontavern.com\/wp-content\/uploads\/2023\/11\/Fish_mobile525x450-300x257.jpg 300w, https:\/\/thecarletontavern.com\/wp-content\/uploads\/2023\/11\/Fish_mobile525x450-400x343.jpg 400w, https:\/\/thecarletontavern.com\/wp-content\/uploads\/2023\/11\/Fish_mobile525x450.jpg 525w\" data-sizes=\"auto\" \/><\/a><\/div><\/div><\/div><\/div><div class=\"awb-swiper-button awb-swiper-button-prev\"><i class=\"awb-icon-angle-left\" aria-hidden=\"true\"><\/i><\/div><div class=\"awb-swiper-button awb-swiper-button-next\"><i class=\"awb-icon-angle-right\" aria-hidden=\"true\"><\/i><\/div><\/div><\/div><\/div><\/div><\/div><\/div><\/p>\n","protected":false},"excerpt":{"rendered":"","protected":false},"author":1,"featured_media":0,"parent":0,"menu_order":0,"comment_status":"closed","ping_status":"closed","template":"100-width.php","meta":{"footnotes":""},"class_list":["post-451","page","type-page","status-publish","hentry"],"_links":{"self":[{"href":"https:\/\/thecarletontavern.com\/fr\/wp-json\/wp\/v2\/pages\/451","targetHints":{"allow":["GET"]}}],"collection":[{"href":"https:\/\/thecarletontavern.com\/fr\/wp-json\/wp\/v2\/pages"}],"about":[{"href":"https:\/\/thecarletontavern.com\/fr\/wp-json\/wp\/v2\/types\/page"}],"author":[{"embeddable":true,"href":"https:\/\/thecarletontavern.com\/fr\/wp-json\/wp\/v2\/users\/1"}],"replies":[{"embeddable":true,"href":"https:\/\/thecarletontavern.com\/fr\/wp-json\/wp\/v2\/comments?post=451"}],"version-history":[{"count":7,"href":"https:\/\/thecarletontavern.com\/fr\/wp-json\/wp\/v2\/pages\/451\/revisions"}],"predecessor-version":[{"id":1487,"href":"https:\/\/thecarletontavern.com\/fr\/wp-json\/wp\/v2\/pages\/451\/revisions\/1487"}],"wp:attachment":[{"href":"https:\/\/thecarletontavern.com\/fr\/wp-json\/wp\/v2\/media?parent=451"}],"curies":[{"name":"wp","href":"https:\/\/api.w.org\/{rel}","templated":true}]}}